{"id":171,"date":"2026-02-15T17:13:55","date_gmt":"2026-02-15T17:13:55","guid":{"rendered":"https:\/\/test.hotelkullaberg.site.hotelkullaberg.site\/?page_id=171"},"modified":"2026-03-15T13:55:01","modified_gmt":"2026-03-15T13:55:01","slug":"golfpaket","status":"publish","type":"page","link":"https:\/\/hotelkullaberg.site\/en\/paket-och-erbjudanden\/golfpaket\/","title":{"rendered":"Golf Package"},"content":{"rendered":"<div class=\"wp-block-group alignfull is-style-ext-preset--group--natural-1--section has-background-background-color has-background has-global-padding is-layout-constrained wp-block-group-is-layout-constrained\" style=\"margin-top:0;margin-bottom:0;padding-top:0;padding-bottom:var(--wp--preset--spacing--70)\">\n<div class=\"wp-block-cover alignfull is-light\" style=\"min-height:462px;aspect-ratio:unset;\"><video class=\"wp-block-cover__video-background intrinsic-ignore\" autoplay muted loop playsinline src=\"https:\/\/hotelkullaberg.site\/wp-content\/uploads\/2026\/02\/Copy-of-Untitled-Design-2.mp4\" data-object-fit=\"cover\"><\/video><span aria-hidden=\"true\" class=\"wp-block-cover__background has-background-dim-10 has-background-dim\" style=\"background-color:#FFF\"><\/span><div class=\"wp-block-cover__inner-container has-global-padding is-layout-constrained wp-block-cover-is-layout-constrained\">\n<p class=\"has-text-align-center has-background-color has-text-color has-link-color has-source-serif-pro-font-family has-large-font-size wp-elements-490d0719c0f5bb02b75e34c568ee4dcf\">GOLFPAKET &#8211; upp till 20% p\u00e5 utvalda datum<\/p>\n<\/div><\/div>\n\n\n\n<div class=\"wp-block-group alignwide is-vertical is-content-justification-center is-layout-flex wp-container-core-group-is-layout-c9ee0c5a wp-block-group-is-layout-flex\">\n<div class=\"wp-block-group has-global-padding is-layout-constrained wp-container-core-group-is-layout-dd32767c wp-block-group-is-layout-constrained\">\n<h2 class=\"wp-block-heading has-text-align-center\">Golf packages on the Kulla Peninsula \u2013 play, dining, and relaxation<\/h2>\n\n\n\n<p class=\"has-text-align-center\">Experience the best of the Kulla Peninsula with a package that combines golf and indulgence. The package includes green fees at one of the peninsula's beautiful golf courses, followed by a delicious three-course dinner in our restaurant.<\/p>\n\n\n\n<p class=\"has-text-align-center\">After a day on the course, enjoy a comfortable overnight stay and a hearty breakfast \u2013 the perfect combination for those looking to blend activity with relaxation.<\/p>\n\n\n\n<p><strong>Choose between:<\/strong><\/p>\n\n\n\n<ul class=\"wp-block-list\">\n<li><strong>M\u00f6lle GK<\/strong>&nbsp;\u2013 a classic seaside course with spectacular views<\/li>\n\n\n\n<li><strong>St Arild GK<\/strong>&nbsp;\u2013 lush and well-maintained forest course<\/li>\n<\/ul>\n\n\n\n<p><strong>The package includes:<\/strong><\/p>\n\n\n\n<ul class=\"wp-block-list\">\n<li>Three-course dinner at the hotel<\/li>\n\n\n\n<li>Overnight stay<\/li>\n\n\n\n<li>Breakfast<\/li>\n\n\n\n<li>Green fee for a course of your choice<\/li>\n<\/ul>\n\n\n\n<p>The golf courses are located near the hotel:<\/p>\n\n\n\n<ul class=\"wp-block-list\">\n<li>St Arild GK \u2013 approximately a 15-minute drive from the hotel<\/li>\n\n\n\n<li>M\u00f6lle GK \u2013 approximately a 5-minute drive from the hotel<\/li>\n<\/ul>\n\n\n\n<p>When booking, please state your preferred course and tee time, as well as the Golf ID for all players.<\/p>\n<\/div>\n\n\n\n<div class=\"wp-block-buttons is-layout-flex wp-block-buttons-is-layout-flex\">\n<div class=\"wp-block-button is-style-ext-preset--button--natural-1--button-1 is-style-ext-preset--button--natural-1--button-1--2\"><a class=\"wp-block-button__link has-secondary-background-color has-background has-source-serif-pro-font-family wp-element-button\" href=\"https:\/\/app.mews.com\/distributor\/85abd01b-9d7d-4838-9621-b3d0012f330b?mewsVoucherCode=PAKGOLF\" style=\"border-top-left-radius:0px;border-top-right-radius:0px;border-bottom-left-radius:0px;border-bottom-right-radius:0px\">Book now<\/a><\/div>\n<\/div>\n<\/div>\n<\/div>\n\n\n\n<div class=\"wp-block-group alignfull is-style-ext-preset--group--natural-1--section has-tertiary-background-color has-background has-global-padding is-layout-constrained wp-container-core-group-is-layout-f72f1611 wp-block-group-is-layout-constrained\" style=\"margin-top:0;margin-bottom:0;padding-top:var(--wp--preset--spacing--70);padding-bottom:var(--wp--preset--spacing--70)\">\n<div class=\"wp-block-group alignwide is-vertical is-layout-flex wp-container-core-group-is-layout-c35747d5 wp-block-group-is-layout-flex\">\n<div class=\"wp-block-group has-global-padding is-layout-constrained wp-container-core-group-is-layout-5e05634a wp-block-group-is-layout-constrained\">\n<h2 class=\"wp-block-heading\">Gallery<\/h2>\n\n\n\n<p class=\"has-text-align-left\">Here are carefully selected images that capture the charm of booking our golf package.<\/p>\n<\/div>\n<\/div>\n\n\n\n<div class=\"wp-block-columns alignwide are-vertically-aligned-top is-layout-flex wp-container-core-columns-is-layout-87beb0d0 wp-block-columns-is-layout-flex\">\n<div class=\"wp-block-column is-vertically-aligned-top is-layout-flow wp-container-core-column-is-layout-f5bb311e wp-block-column-is-layout-flow\">\n<figure class=\"wp-block-image size-full is-style-ext-preset--image--natural-1--image-1--content-top is-style-ext-preset--image--natural-1--image-1--content-top--4\"><img loading=\"lazy\" decoding=\"async\" width=\"456\" height=\"438\" src=\"https:\/\/hotelkullaberg.site\/wp-content\/uploads\/2026\/02\/molle-gk.png\" alt=\"\" class=\"wp-image-90\" style=\"aspect-ratio:1;object-fit:cover\" srcset=\"https:\/\/hotelkullaberg.site\/wp-content\/uploads\/2026\/02\/molle-gk.png 456w, https:\/\/hotelkullaberg.site\/wp-content\/uploads\/2026\/02\/molle-gk-300x288.png 300w, https:\/\/hotelkullaberg.site\/wp-content\/uploads\/2026\/02\/molle-gk-12x12.png 12w\" sizes=\"auto, (max-width: 456px) 100vw, 456px\" \/><\/figure>\n<\/div>\n\n\n\n<div class=\"wp-block-column is-vertically-aligned-top is-layout-flow wp-container-core-column-is-layout-f5bb311e wp-block-column-is-layout-flow\">\n<figure class=\"wp-block-image size-large is-style-ext-preset--image--natural-1--image-1--content-top is-style-ext-preset--image--natural-1--image-1--content-top--5\"><img loading=\"lazy\" decoding=\"async\" width=\"820\" height=\"1024\" src=\"https:\/\/hotelkullaberg.site\/wp-content\/uploads\/2026\/02\/image000002-820x1024.jpg\" alt=\"\" class=\"wp-image-84\" style=\"aspect-ratio:1;object-fit:cover\" srcset=\"\" sizes=\"auto, (max-width: 820px) 100vw, 820px\" data-srcset=\"\" \/><\/figure>\n<\/div>\n\n\n\n<div class=\"wp-block-column is-vertically-aligned-top is-layout-flow wp-container-core-column-is-layout-f5bb311e wp-block-column-is-layout-flow\">\n<figure class=\"wp-block-image size-full is-style-ext-preset--image--natural-1--image-1--content-top is-style-ext-preset--image--natural-1--image-1--content-top--6\"><img loading=\"lazy\" decoding=\"async\" width=\"504\" height=\"900\" src=\"https:\/\/hotelkullaberg.site\/wp-content\/uploads\/2026\/02\/63c6d425d51a6509681ffd73_image-2.jpg\" alt=\"\" class=\"wp-image-184\" style=\"aspect-ratio:1;object-fit:cover\" srcset=\"https:\/\/hotelkullaberg.site\/wp-content\/uploads\/2026\/02\/63c6d425d51a6509681ffd73_image-2.jpg 504w, https:\/\/hotelkullaberg.site\/wp-content\/uploads\/2026\/02\/63c6d425d51a6509681ffd73_image-2-168x300.jpg 168w, https:\/\/hotelkullaberg.site\/wp-content\/uploads\/2026\/02\/63c6d425d51a6509681ffd73_image-2-7x12.jpg 7w\" sizes=\"auto, (max-width: 504px) 100vw, 504px\" \/><\/figure>\n<\/div>\n<\/div>\n<\/div>\n\n\n\n<div class=\"wp-block-group alignfull is-style-ext-preset--group--natural-1--section has-background-background-color has-background has-global-padding is-layout-constrained wp-block-group-is-layout-constrained\" style=\"margin-top:0;margin-bottom:0;padding-top:0;padding-bottom:0\">\n<div class=\"wp-block-cover alignfull has-parallax is-style-ext-preset--cover--natural-1--cover-overlay-1 is-style-ext-preset--cover--natural-1--cover-overlay-1--8\" style=\"padding-top:var(--wp--preset--spacing--70);padding-right:var(--wp--preset--spacing--30);padding-bottom:var(--wp--preset--spacing--70);padding-left:var(--wp--preset--spacing--30)\"><div class=\"wp-block-cover__image-background wp-image-69 size-large has-parallax\" style=\"background-position:50% 50%;background-image:url(https:\/\/hotelkullaberg.site\/wp-content\/uploads\/2026\/02\/Hero-ny-1024x683.webp)\"><\/div><span aria-hidden=\"true\" class=\"wp-block-cover__background has-background-dim-80 has-background-dim\" style=\"background-color:#010101\"><\/span><div class=\"wp-block-cover__inner-container has-global-padding is-layout-constrained wp-container-core-cover-is-layout-5cffc2c1 wp-block-cover-is-layout-constrained\">\n<div class=\"wp-block-group alignwide is-vertical is-layout-flex wp-container-core-group-is-layout-c35747d5 wp-block-group-is-layout-flex\">\n<div class=\"wp-block-group has-global-padding is-layout-constrained wp-container-core-group-is-layout-2287c683 wp-block-group-is-layout-constrained\">\n<h2 class=\"wp-block-heading has-text-align-left\">Discover our other packages<\/h2>\n\n\n\n<p class=\"has-text-align-left\">Here you\u2019ll find our carefully curated packages and offers designed to enhance your stay \u2013 from hiking and golf to wine tastings. Explore our special deals and book your dream seaside getaway.<\/p>\n<\/div>\n\n\n\n<div class=\"wp-block-buttons is-layout-flex wp-block-buttons-is-layout-flex\">\n<div class=\"wp-block-button is-style-ext-preset--button--natural-1--button-1 is-style-ext-preset--button--natural-1--button-1--9\"><a class=\"wp-block-button__link has-source-serif-pro-font-family wp-element-button\" href=\"https:\/\/hotelkullaberg.site\/en\/paket-och-erbjudanden\/\" style=\"border-top-left-radius:0px;border-top-right-radius:0px;border-bottom-left-radius:0px;border-bottom-right-radius:0px\">View our packages<\/a><\/div>\n<\/div>\n<\/div>\n<\/div><\/div>\n<\/div>","protected":false},"excerpt":{"rendered":"<p>Golfpaket p\u00e5 Kullahalv\u00f6n \u2013 spel, mat och avkoppling Upplev det b\u00e4sta av&nbsp;Kullahalv\u00f6n&nbsp;med ett paket som kombinerar golf och njutning. I paketet ing\u00e5r greenfee p\u00e5 n\u00e5gon av halv\u00f6ns vackra golfbanor, f\u00f6ljt av en v\u00e4lsmakande trer\u00e4tters middag i v\u00e5r restaurang. Efter en dag p\u00e5 banan v\u00e4ntar en sk\u00f6n \u00f6vernattning och en god frukost \u2013 en perfekt helhet [&hellip;]<\/p>\n","protected":false},"author":1,"featured_media":0,"parent":26,"menu_order":0,"comment_status":"closed","ping_status":"closed","template":"page-with-title","meta":{"_monsterinsights_skip_tracking":false,"_monsterinsights_sitenote_active":false,"_monsterinsights_sitenote_note":"","_monsterinsights_sitenote_category":0,"footnotes":""},"class_list":["post-171","page","type-page","status-publish","hentry"],"aioseo_notices":[],"_links":{"self":[{"href":"https:\/\/hotelkullaberg.site\/en\/wp-json\/wp\/v2\/pages\/171","targetHints":{"allow":["GET"]}}],"collection":[{"href":"https:\/\/hotelkullaberg.site\/en\/wp-json\/wp\/v2\/pages"}],"about":[{"href":"https:\/\/hotelkullaberg.site\/en\/wp-json\/wp\/v2\/types\/page"}],"author":[{"embeddable":true,"href":"https:\/\/hotelkullaberg.site\/en\/wp-json\/wp\/v2\/users\/1"}],"replies":[{"embeddable":true,"href":"https:\/\/hotelkullaberg.site\/en\/wp-json\/wp\/v2\/comments?post=171"}],"version-history":[{"count":10,"href":"https:\/\/hotelkullaberg.site\/en\/wp-json\/wp\/v2\/pages\/171\/revisions"}],"predecessor-version":[{"id":308,"href":"https:\/\/hotelkullaberg.site\/en\/wp-json\/wp\/v2\/pages\/171\/revisions\/308"}],"up":[{"embeddable":true,"href":"https:\/\/hotelkullaberg.site\/en\/wp-json\/wp\/v2\/pages\/26"}],"wp:attachment":[{"href":"https:\/\/hotelkullaberg.site\/en\/wp-json\/wp\/v2\/media?parent=171"}],"curies":[{"name":"wp","href":"https:\/\/api.w.org\/{rel}","templated":true}]}}