{"id":190,"date":"2026-02-15T18:03:31","date_gmt":"2026-02-15T18:03:31","guid":{"rendered":"https:\/\/test.hotelkullaberg.site.hotelkullaberg.site\/?page_id=190"},"modified":"2026-03-10T12:46:36","modified_gmt":"2026-03-10T12:46:36","slug":"vingardspaket","status":"publish","type":"page","link":"https:\/\/hotelkullaberg.site\/en\/paket-och-erbjudanden\/vingardspaket\/","title":{"rendered":"Vineyard Package"},"content":{"rendered":"<div class=\"wp-block-group alignfull is-style-ext-preset--group--natural-1--section has-background-background-color has-background has-global-padding is-layout-constrained wp-block-group-is-layout-constrained\" style=\"margin-top:0;margin-bottom:0;padding-top:0;padding-bottom:var(--wp--preset--spacing--70)\">\n<div class=\"wp-block-cover alignfull is-light has-parallax\" style=\"min-height:433px;aspect-ratio:unset;\"><div class=\"wp-block-cover__image-background wp-image-89 size-full has-parallax\" style=\"background-position:50% 50%;background-image:url(https:\/\/hotelkullaberg.site\/wp-content\/uploads\/2026\/02\/michael-ufYyamt-DNs-unsplash.jpg)\"><\/div><span aria-hidden=\"true\" class=\"wp-block-cover__background has-background-dim-10 has-background-dim\" style=\"background-color:#819383\"><\/span><div class=\"wp-block-cover__inner-container has-global-padding is-layout-constrained wp-block-cover-is-layout-constrained\">\n<p class=\"has-text-align-center has-background-color has-text-color has-link-color has-source-serif-pro-font-family has-large-font-size wp-elements-0e7c0f4eb70410fb73c4ed9a7adf2b68\">VINEYARD PACKAGE<\/p>\n<\/div><\/div>\n\n\n\n<div class=\"wp-block-group alignwide is-vertical is-content-justification-center is-layout-flex wp-container-core-group-is-layout-c9ee0c5a wp-block-group-is-layout-flex\">\n<div class=\"wp-block-group has-global-padding is-layout-constrained wp-container-core-group-is-layout-dd32767c wp-block-group-is-layout-constrained\">\n<h2 class=\"wp-block-heading has-text-align-center\">Taste Journey on the Kulla Peninsula<\/h2>\n\n\n\n<p class=\"has-text-align-center\">Experience an inspiring day in the sign of wine at Kullabergs Ving\u00e5rd, beautifully situated on the Kulla Peninsula. Here, innovation and tradition meet in a landscape characterized by the sea, cliffs, and open vistas. The visit provides an in-depth insight into how quality wine is created under Nordic conditions \u2013 from vine to finished bottle.<\/p>\n\n\n\n<p>As the first Swedish producer, the vineyard has been awarded three stars in AWC Vienna, one of the world's largest and most prestigious wine competitions. During the tour, you will learn the story behind this success and conclude the experience with a tasting of the estate's own wines as well as an exclusive distillate in the wine bar.<\/p>\n\n\n\n<p><strong>Tour times:<\/strong><br>September 6\u2013November 29: Saturdays at 1:30 PM<br>March 1\u2013May 31: Saturdays at 1:30 PM<br>During high season, times are offered at 1:30 PM or 4:00 PM. Preferred day and time are stated upon booking and confirmed separately.<\/p>\n\n\n\n<p><br>For groups of at least eight people, alternative dates can be arranged upon request.<\/p>\n\n\n\n<p>Efter bes\u00f6ket v\u00e4ntar en trer\u00e4tters meny i v\u00e5r restaurang.<\/p>\n\n\n\n<p class=\"has-text-align-center\">We also offer a selection of the vineyard's wines here \u2013 please feel free to ask in the bar or restaurant if you would like to continue discovering the flavors throughout the evening.<\/p>\n\n\n\n<p><strong>The package includes:<\/strong><\/p>\n\n\n\n<ul class=\"wp-block-list\">\n<li>Three-course dinner at the hotel<\/li>\n\n\n\n<li>Overnight stay<\/li>\n\n\n\n<li>Breakfast<\/li>\n\n\n\n<li>Vineyard visit with tasting<\/li>\n<\/ul>\n<\/div>\n\n\n\n<div class=\"wp-block-buttons is-layout-flex wp-block-buttons-is-layout-flex\">\n<div class=\"wp-block-button is-style-ext-preset--button--natural-1--button-1 is-style-ext-preset--button--natural-1--button-1--2\"><a class=\"wp-block-button__link has-secondary-background-color has-background has-source-serif-pro-font-family wp-element-button\" href=\"https:\/\/app.mews.com\/distributor\/85abd01b-9d7d-4838-9621-b3d0012f330b?mewsVoucherCode=PAKVIN\" style=\"border-top-left-radius:0px;border-top-right-radius:0px;border-bottom-left-radius:0px;border-bottom-right-radius:0px\">Book now<\/a><\/div>\n<\/div>\n<\/div>\n<\/div>\n\n\n\n<div class=\"wp-block-group alignfull is-style-ext-preset--group--natural-1--section has-tertiary-background-color has-background has-global-padding is-layout-constrained wp-container-core-group-is-layout-f72f1611 wp-block-group-is-layout-constrained\" style=\"margin-top:0;margin-bottom:0;padding-top:var(--wp--preset--spacing--70);padding-bottom:var(--wp--preset--spacing--70)\">\n<div class=\"wp-block-group alignwide is-vertical is-layout-flex wp-container-core-group-is-layout-c35747d5 wp-block-group-is-layout-flex\">\n<div class=\"wp-block-group has-global-padding is-layout-constrained wp-container-core-group-is-layout-5e05634a wp-block-group-is-layout-constrained\">\n<h2 class=\"wp-block-heading\">Gallery<\/h2>\n\n\n\n<p class=\"has-text-align-left\">Here are carefully selected images that capture the charm of booking our golf package.<\/p>\n<\/div>\n<\/div>\n\n\n\n<div class=\"wp-block-columns alignwide are-vertically-aligned-top is-layout-flex wp-container-core-columns-is-layout-87beb0d0 wp-block-columns-is-layout-flex\">\n<div class=\"wp-block-column is-vertically-aligned-top is-layout-flow wp-container-core-column-is-layout-f5bb311e wp-block-column-is-layout-flow\">\n<figure class=\"wp-block-image size-full is-style-ext-preset--image--natural-1--image-1--content-top is-style-ext-preset--image--natural-1--image-1--content-top--4\"><img loading=\"lazy\" decoding=\"async\" width=\"1080\" height=\"1620\" src=\"https:\/\/hotelkullaberg.site\/wp-content\/uploads\/2026\/02\/image-3.jpg\" alt=\"\" class=\"wp-image-194\" style=\"aspect-ratio:1;object-fit:cover\" srcset=\"https:\/\/hotelkullaberg.site\/wp-content\/uploads\/2026\/02\/image-3.jpg 1080w, https:\/\/hotelkullaberg.site\/wp-content\/uploads\/2026\/02\/image-3-200x300.jpg 200w, https:\/\/hotelkullaberg.site\/wp-content\/uploads\/2026\/02\/image-3-683x1024.jpg 683w, https:\/\/hotelkullaberg.site\/wp-content\/uploads\/2026\/02\/image-3-768x1152.jpg 768w, https:\/\/hotelkullaberg.site\/wp-content\/uploads\/2026\/02\/image-3-1024x1536.jpg 1024w, https:\/\/hotelkullaberg.site\/wp-content\/uploads\/2026\/02\/image-3-8x12.jpg 8w\" sizes=\"auto, (max-width: 1080px) 100vw, 1080px\" \/><\/figure>\n<\/div>\n\n\n\n<div class=\"wp-block-column is-vertically-aligned-top is-layout-flow wp-container-core-column-is-layout-f5bb311e wp-block-column-is-layout-flow\">\n<figure class=\"wp-block-image size-large is-style-ext-preset--image--natural-1--image-1--content-top is-style-ext-preset--image--natural-1--image-1--content-top--5\"><img loading=\"lazy\" decoding=\"async\" width=\"820\" height=\"1024\" src=\"https:\/\/hotelkullaberg.site\/wp-content\/uploads\/2026\/02\/image000002-820x1024.jpg\" alt=\"\" class=\"wp-image-84\" style=\"aspect-ratio:1;object-fit:cover\" srcset=\"\" sizes=\"auto, (max-width: 820px) 100vw, 820px\" data-srcset=\"\" \/><\/figure>\n<\/div>\n\n\n\n<div class=\"wp-block-column is-vertically-aligned-top is-layout-flow wp-container-core-column-is-layout-f5bb311e wp-block-column-is-layout-flow\">\n<figure class=\"wp-block-image size-full is-style-ext-preset--image--natural-1--image-1--content-top is-style-ext-preset--image--natural-1--image-1--content-top--6\"><img loading=\"lazy\" decoding=\"async\" width=\"1080\" height=\"720\" src=\"https:\/\/hotelkullaberg.site\/wp-content\/uploads\/2026\/02\/image.jpg\" alt=\"\" class=\"wp-image-191\" style=\"aspect-ratio:1;object-fit:cover\" srcset=\"https:\/\/hotelkullaberg.site\/wp-content\/uploads\/2026\/02\/image.jpg 1080w, https:\/\/hotelkullaberg.site\/wp-content\/uploads\/2026\/02\/image-300x200.jpg 300w, https:\/\/hotelkullaberg.site\/wp-content\/uploads\/2026\/02\/image-1024x683.jpg 1024w, https:\/\/hotelkullaberg.site\/wp-content\/uploads\/2026\/02\/image-768x512.jpg 768w, https:\/\/hotelkullaberg.site\/wp-content\/uploads\/2026\/02\/image-18x12.jpg 18w\" sizes=\"auto, (max-width: 1080px) 100vw, 1080px\" \/><\/figure>\n<\/div>\n<\/div>\n<\/div>\n\n\n\n<div class=\"wp-block-group alignfull is-style-ext-preset--group--natural-1--section has-background-background-color has-background has-global-padding is-layout-constrained wp-block-group-is-layout-constrained\" style=\"margin-top:0;margin-bottom:0;padding-top:0;padding-bottom:0\">\n<div class=\"wp-block-cover alignfull has-parallax is-style-ext-preset--cover--natural-1--cover-overlay-1 is-style-ext-preset--cover--natural-1--cover-overlay-1--8\" style=\"padding-top:var(--wp--preset--spacing--70);padding-right:var(--wp--preset--spacing--30);padding-bottom:var(--wp--preset--spacing--70);padding-left:var(--wp--preset--spacing--30)\"><div class=\"wp-block-cover__image-background wp-image-69 size-large has-parallax\" style=\"background-position:50% 50%;background-image:url(https:\/\/hotelkullaberg.site\/wp-content\/uploads\/2026\/02\/Hero-ny-1024x683.webp)\"><\/div><span aria-hidden=\"true\" class=\"wp-block-cover__background has-background-dim-80 has-background-dim\" style=\"background-color:#010101\"><\/span><div class=\"wp-block-cover__inner-container has-global-padding is-layout-constrained wp-container-core-cover-is-layout-5cffc2c1 wp-block-cover-is-layout-constrained\">\n<div class=\"wp-block-group alignwide is-vertical is-layout-flex wp-container-core-group-is-layout-c35747d5 wp-block-group-is-layout-flex\">\n<div class=\"wp-block-group has-global-padding is-layout-constrained wp-container-core-group-is-layout-2287c683 wp-block-group-is-layout-constrained\">\n<h2 class=\"wp-block-heading has-text-align-left\">Discover our other packages<\/h2>\n\n\n\n<p class=\"has-text-align-left\">Here you\u2019ll find our carefully curated packages and offers designed to enhance your stay \u2013 from hiking and golf to wine tastings. Explore our special deals and book your dream seaside getaway.<\/p>\n<\/div>\n\n\n\n<div class=\"wp-block-buttons is-layout-flex wp-block-buttons-is-layout-flex\">\n<div class=\"wp-block-button is-style-ext-preset--button--natural-1--button-1 is-style-ext-preset--button--natural-1--button-1--9\"><a class=\"wp-block-button__link has-source-serif-pro-font-family wp-element-button\" href=\"https:\/\/hotelkullaberg.site\/en\/paket-och-erbjudanden\/\" style=\"border-top-left-radius:0px;border-top-right-radius:0px;border-bottom-left-radius:0px;border-bottom-right-radius:0px\">View our packages<\/a><\/div>\n<\/div>\n<\/div>\n<\/div><\/div>\n<\/div>","protected":false},"excerpt":{"rendered":"<p>Smakresa p\u00e5 Kullahalv\u00f6n Upplev en inspirerande dag i vinets tecken hos Kullabergs Vingard, vackert bel\u00e4gen p\u00e5 Kullahalv\u00f6n. H\u00e4r m\u00f6ts innovation och tradition i ett landskap pr\u00e4glat av hav, klippor och \u00f6ppna vidder. Bes\u00f6ket ger en f\u00f6rdjupad inblick i hur kvalitetsvin skapas under nordiska f\u00f6rh\u00e5llanden \u2013 fr\u00e5n vinranka till f\u00e4rdig flaska. Ving\u00e5rden har som f\u00f6rsta svenska [&hellip;]<\/p>\n","protected":false},"author":1,"featured_media":0,"parent":26,"menu_order":0,"comment_status":"closed","ping_status":"closed","template":"page-with-title","meta":{"_monsterinsights_skip_tracking":false,"_monsterinsights_sitenote_active":false,"_monsterinsights_sitenote_note":"","_monsterinsights_sitenote_category":0,"footnotes":""},"class_list":["post-190","page","type-page","status-publish","hentry"],"aioseo_notices":[],"_links":{"self":[{"href":"https:\/\/hotelkullaberg.site\/en\/wp-json\/wp\/v2\/pages\/190","targetHints":{"allow":["GET"]}}],"collection":[{"href":"https:\/\/hotelkullaberg.site\/en\/wp-json\/wp\/v2\/pages"}],"about":[{"href":"https:\/\/hotelkullaberg.site\/en\/wp-json\/wp\/v2\/types\/page"}],"author":[{"embeddable":true,"href":"https:\/\/hotelkullaberg.site\/en\/wp-json\/wp\/v2\/users\/1"}],"replies":[{"embeddable":true,"href":"https:\/\/hotelkullaberg.site\/en\/wp-json\/wp\/v2\/comments?post=190"}],"version-history":[{"count":8,"href":"https:\/\/hotelkullaberg.site\/en\/wp-json\/wp\/v2\/pages\/190\/revisions"}],"predecessor-version":[{"id":300,"href":"https:\/\/hotelkullaberg.site\/en\/wp-json\/wp\/v2\/pages\/190\/revisions\/300"}],"up":[{"embeddable":true,"href":"https:\/\/hotelkullaberg.site\/en\/wp-json\/wp\/v2\/pages\/26"}],"wp:attachment":[{"href":"https:\/\/hotelkullaberg.site\/en\/wp-json\/wp\/v2\/media?parent=190"}],"curies":[{"name":"wp","href":"https:\/\/api.w.org\/{rel}","templated":true}]}}