{"id":20,"date":"2026-02-13T11:55:16","date_gmt":"2026-02-13T11:55:16","guid":{"rendered":"https:\/\/test.hotelkullaberg.site.hotelkullaberg.site\/ticket-receipt\/"},"modified":"2026-03-01T19:26:28","modified_gmt":"2026-03-01T19:26:28","slug":"brollop","status":"publish","type":"page","link":"https:\/\/hotelkullaberg.site\/en\/brollop\/","title":{"rendered":"Br\u00f6llop"},"content":{"rendered":"<div class=\"wp-block-group alignfull is-style-ext-preset--group--natural-1--section has-background-background-color has-background has-global-padding is-layout-constrained wp-container-core-group-is-layout-ebc3d855 wp-block-group-is-layout-constrained\" id=\"meny\" style=\"margin-top:0;margin-bottom:0;padding-top:0;padding-bottom:var(--wp--preset--spacing--70)\">\n<div class=\"wp-block-cover alignfull is-light has-parallax is-repeated\"><div class=\"wp-block-cover__image-background wp-image-64 size-large has-parallax is-repeated\" style=\"background-position:50% 50%;background-image:url(https:\/\/hotelkullaberg.site\/wp-content\/uploads\/2026\/02\/IMG_4970-1024x768.jpeg)\"><\/div><span aria-hidden=\"true\" class=\"wp-block-cover__background has-background-dim-20 has-background-dim\" style=\"background-color:#8d999f\"><\/span><div class=\"wp-block-cover__inner-container has-global-padding is-layout-constrained wp-block-cover-is-layout-constrained\">\n<p class=\"has-text-align-center has-source-serif-pro-font-family has-large-font-size\">WEDDING<\/p>\n<\/div><\/div>\n\n\n\n<h2 class=\"wp-block-heading has-text-align-center has-source-serif-pro-font-family\">Wedding in Kullabygden<\/h2>\n\n\n\n<p class=\"has-text-align-center has-source-serif-pro-font-family\">Are you dreaming of a personal and atmospheric\u00a0<strong>wedding in Kullabygden<\/strong>? At\u00a0<strong>Hotel Kullaberg<\/strong>\u00a0we create wedding celebrations with warmth, quality, and attention to every detail. With us, you will enjoy an intimate and exclusive setting where dinner, celebration, and accommodation are all gathered in one place.<\/p>\n\n\n\n<div class=\"wp-block-media-text alignwide is-stacked-on-mobile has-background\" style=\"background-color:#e1f2f18a;grid-template-columns:32% auto\"><figure class=\"wp-block-media-text__media\"><img loading=\"lazy\" decoding=\"async\" width=\"683\" height=\"1024\" src=\"https:\/\/hotelkullaberg.site\/wp-content\/uploads\/2026\/02\/Hotel-Kullaberg-Robert-Bohnke-6-1-683x1024.jpeg\" alt=\"\" class=\"wp-image-285 size-full\" srcset=\"https:\/\/hotelkullaberg.site\/wp-content\/uploads\/2026\/02\/Hotel-Kullaberg-Robert-Bohnke-6-1-683x1024.jpeg 683w, https:\/\/hotelkullaberg.site\/wp-content\/uploads\/2026\/02\/Hotel-Kullaberg-Robert-Bohnke-6-1-200x300.jpeg 200w, https:\/\/hotelkullaberg.site\/wp-content\/uploads\/2026\/02\/Hotel-Kullaberg-Robert-Bohnke-6-1-768x1152.jpeg 768w, https:\/\/hotelkullaberg.site\/wp-content\/uploads\/2026\/02\/Hotel-Kullaberg-Robert-Bohnke-6-1-8x12.jpeg 8w, https:\/\/hotelkullaberg.site\/wp-content\/uploads\/2026\/02\/Hotel-Kullaberg-Robert-Bohnke-6-1.jpeg 1000w\" sizes=\"auto, (max-width: 683px) 100vw, 683px\" \/><\/figure><div class=\"wp-block-media-text__content\">\n<p class=\"has-source-serif-pro-font-family has-large-font-size\"><strong>Wedding Dinner &amp; Celebration<\/strong><\/p>\n\n\n\n<p class=\"has-source-serif-pro-font-family\">In our beautiful dining hall, we can accommodate approximately&nbsp;<strong>80 guests<\/strong>, depending on seating and arrangement. The venue is perfect for:<\/p>\n\n\n\n<ul class=\"wp-block-list\">\n<li class=\"has-source-serif-pro-font-family\">Wedding dinner<\/li>\n\n\n\n<li class=\"has-source-serif-pro-font-family\">Wedding party<\/li>\n\n\n\n<li class=\"has-source-serif-pro-font-family\">Speeches and dancing<\/li>\n\n\n\n<li class=\"has-source-serif-pro-font-family\">Full evening with dinner and celebration<\/li>\n<\/ul>\n\n\n\n<p class=\"has-source-serif-pro-font-family\">We help you plan everything from seating arrangements and menu to drink packages and schedule. Whether you prefer a classic three-course dinner or a more personalized setup, we tailor the evening to your wishes.<\/p>\n\n\n\n<p class=\"has-source-serif-pro-font-family\">For couples looking for a wedding venue in Kullabygden with a restaurant and personalized service, we offer a complete experience in a unique setting.<\/p>\n<\/div><\/div>\n\n\n\n<div class=\"wp-block-media-text alignwide has-media-on-the-right is-stacked-on-mobile has-background\" style=\"background-color:#e1f2f18a;grid-template-columns:auto 32%\"><div class=\"wp-block-media-text__content\">\n<p class=\"has-source-serif-pro-font-family has-large-font-size\"><strong>Accommodation for you and your guests<\/strong><\/p>\n\n\n\n<p class=\"has-source-serif-pro-font-family\">A major advantage of hosting your wedding at Hotel Kullaberg is the opportunity for on-site accommodation.<\/p>\n\n\n\n<p>We offer:<\/p>\n\n\n\n<ul class=\"wp-block-list\">\n<li class=\"has-source-serif-pro-font-family\">12 hotel rooms in the main building<\/li>\n\n\n\n<li class=\"has-source-serif-pro-font-family\">9 rooms in our annex<\/li>\n<\/ul>\n\n\n\n<p class=\"has-source-serif-pro-font-family\">This makes it easy for both the couple and their guests to stay overnight and enjoy the evening without worrying about transportation. Having the wedding celebration and accommodation under the same roof creates a relaxed and intimate atmosphere that many appreciate.<\/p>\n<\/div><figure class=\"wp-block-media-text__media\"><img loading=\"lazy\" decoding=\"async\" width=\"683\" height=\"1024\" src=\"https:\/\/hotelkullaberg.site\/wp-content\/uploads\/2026\/02\/Hotel-Kullaberg-Robert-Bohnke-2-kopia-1-683x1024.jpg\" alt=\"\" class=\"wp-image-70 size-full\" srcset=\"https:\/\/hotelkullaberg.site\/wp-content\/uploads\/2026\/02\/Hotel-Kullaberg-Robert-Bohnke-2-kopia-1-683x1024.jpg 683w, https:\/\/hotelkullaberg.site\/wp-content\/uploads\/2026\/02\/Hotel-Kullaberg-Robert-Bohnke-2-kopia-1-200x300.jpg 200w, https:\/\/hotelkullaberg.site\/wp-content\/uploads\/2026\/02\/Hotel-Kullaberg-Robert-Bohnke-2-kopia-1-768x1152.jpg 768w, https:\/\/hotelkullaberg.site\/wp-content\/uploads\/2026\/02\/Hotel-Kullaberg-Robert-Bohnke-2-kopia-1-8x12.jpg 8w, https:\/\/hotelkullaberg.site\/wp-content\/uploads\/2026\/02\/Hotel-Kullaberg-Robert-Bohnke-2-kopia-1.jpg 1000w\" sizes=\"auto, (max-width: 683px) 100vw, 683px\" \/><\/figure><\/div>\n\n\n\n<div class=\"wp-block-media-text alignwide is-stacked-on-mobile has-background\" style=\"background-color:#e1f2f18a;grid-template-columns:30% auto\"><figure class=\"wp-block-media-text__media\"><img loading=\"lazy\" decoding=\"async\" width=\"683\" height=\"1024\" src=\"https:\/\/hotelkullaberg.site\/wp-content\/uploads\/2026\/02\/Hotel-Kullaberg-Robert-Bohnke-5-683x1024.jpeg\" alt=\"\" class=\"wp-image-74 size-full\" srcset=\"https:\/\/hotelkullaberg.site\/wp-content\/uploads\/2026\/02\/Hotel-Kullaberg-Robert-Bohnke-5-683x1024.jpeg 683w, https:\/\/hotelkullaberg.site\/wp-content\/uploads\/2026\/02\/Hotel-Kullaberg-Robert-Bohnke-5-200x300.jpeg 200w, https:\/\/hotelkullaberg.site\/wp-content\/uploads\/2026\/02\/Hotel-Kullaberg-Robert-Bohnke-5-768x1152.jpeg 768w, https:\/\/hotelkullaberg.site\/wp-content\/uploads\/2026\/02\/Hotel-Kullaberg-Robert-Bohnke-5-8x12.jpeg 8w, https:\/\/hotelkullaberg.site\/wp-content\/uploads\/2026\/02\/Hotel-Kullaberg-Robert-Bohnke-5.jpeg 1000w\" sizes=\"auto, (max-width: 683px) 100vw, 683px\" \/><\/figure><div class=\"wp-block-media-text__content\">\n<p class=\"has-source-serif-pro-font-family has-large-font-size\"><strong>A complete wedding experience in Kullabygden<\/strong><\/p>\n\n\n\n<p class=\"has-source-serif-pro-font-family\">We are happy to assist you with:<\/p>\n\n\n\n<ul class=\"wp-block-list\">\n<li class=\"has-source-serif-pro-font-family\">Wedding dinner and celebration<\/li>\n\n\n\n<li class=\"has-source-serif-pro-font-family\">Customized wedding menu<\/li>\n\n\n\n<li class=\"has-source-serif-pro-font-family\">Beverage packages<\/li>\n\n\n\n<li class=\"has-source-serif-pro-font-family\">Wedding brunch the following day<\/li>\n\n\n\n<li class=\"has-source-serif-pro-font-family\">Exclusive hotel booking (upon request)<\/li>\n<\/ul>\n\n\n\n<p class=\"has-source-serif-pro-font-family\">For those looking for an intimate wedding in Sk\u00e5ne or a wedding venue in Kullabygden with both hotel and restaurant, Hotel Kullaberg is a personal and thoughtfully curated choice.<\/p>\n<\/div><\/div>\n\n\n\n<h3 class=\"wp-block-heading has-text-align-center\">Would you like to learn more about booking your\u00a0<strong>wedding at Hotel Kullaberg<\/strong>?<br>Contact us for a viewing, quote, and availability \u2013 we look forward to being a part of your special day.<\/h3>\n\n\n\n<div class=\"wp-block-buttons is-content-justification-center is-layout-flex wp-container-core-buttons-is-layout-a89b3969 wp-block-buttons-is-layout-flex\">\n<div class=\"wp-block-button\"><a class=\"wp-block-button__link has-background-color has-secondary-background-color has-text-color has-background has-link-color has-source-serif-pro-font-family wp-element-button\" href=\"\/en\/info@hotelkullaberg.se\/\" style=\"border-top-left-radius:0px;border-top-right-radius:0px;border-bottom-left-radius:0px;border-bottom-right-radius:0px\">Email us<\/a><\/div>\n<\/div>\n\n\n\n<figure class=\"wp-block-gallery alignwide has-nested-images columns-default is-cropped wp-block-gallery-2 is-layout-flex wp-block-gallery-is-layout-flex\">\n<figure class=\"wp-block-image size-large\"><img loading=\"lazy\" decoding=\"async\" width=\"1024\" height=\"576\" data-id=\"143\" src=\"https:\/\/hotelkullaberg.site\/wp-content\/uploads\/2026\/02\/Hero-ny-edited-1024x576.webp\" alt=\"\" class=\"wp-image-143\" srcset=\"https:\/\/hotelkullaberg.site\/wp-content\/uploads\/2026\/02\/Hero-ny-edited-1024x576.webp 1024w, https:\/\/hotelkullaberg.site\/wp-content\/uploads\/2026\/02\/Hero-ny-edited-300x169.webp 300w, https:\/\/hotelkullaberg.site\/wp-content\/uploads\/2026\/02\/Hero-ny-edited-768x432.webp 768w, https:\/\/hotelkullaberg.site\/wp-content\/uploads\/2026\/02\/Hero-ny-edited-1536x864.webp 1536w, https:\/\/hotelkullaberg.site\/wp-content\/uploads\/2026\/02\/Hero-ny-edited-18x10.webp 18w, https:\/\/hotelkullaberg.site\/wp-content\/uploads\/2026\/02\/Hero-ny-edited.webp 1800w\" sizes=\"auto, (max-width: 1024px) 100vw, 1024px\" \/><\/figure>\n\n\n\n<figure class=\"wp-block-image size-large\"><img loading=\"lazy\" decoding=\"async\" width=\"820\" height=\"1024\" data-id=\"84\" src=\"https:\/\/hotelkullaberg.site\/wp-content\/uploads\/2026\/02\/image000002-820x1024.jpg\" alt=\"\" class=\"wp-image-84\" srcset=\"\" sizes=\"auto, (max-width: 820px) 100vw, 820px\" data-srcset=\"\" \/><\/figure>\n\n\n\n<figure class=\"wp-block-image size-large\"><img loading=\"lazy\" decoding=\"async\" width=\"1024\" height=\"851\" data-id=\"68\" src=\"https:\/\/hotelkullaberg.site\/wp-content\/uploads\/2026\/02\/48-DSC_3230-kopia-1024x851.jpg\" alt=\"\" class=\"wp-image-68\" srcset=\"https:\/\/hotelkullaberg.site\/wp-content\/uploads\/2026\/02\/48-DSC_3230-kopia-1024x851.jpg 1024w, https:\/\/hotelkullaberg.site\/wp-content\/uploads\/2026\/02\/48-DSC_3230-kopia-300x249.jpg 300w, https:\/\/hotelkullaberg.site\/wp-content\/uploads\/2026\/02\/48-DSC_3230-kopia-768x638.jpg 768w, https:\/\/hotelkullaberg.site\/wp-content\/uploads\/2026\/02\/48-DSC_3230-kopia-14x12.jpg 14w, https:\/\/hotelkullaberg.site\/wp-content\/uploads\/2026\/02\/48-DSC_3230-kopia.jpg 1200w\" sizes=\"auto, (max-width: 1024px) 100vw, 1024px\" \/><\/figure>\n\n\n\n<figure class=\"wp-block-image size-large\"><img loading=\"lazy\" decoding=\"async\" width=\"1000\" height=\"1017\" data-id=\"201\" src=\"https:\/\/hotelkullaberg.site\/wp-content\/uploads\/2026\/02\/47-DSC_0676-kopia.jpg\" alt=\"\" class=\"wp-image-201\" srcset=\"https:\/\/hotelkullaberg.site\/wp-content\/uploads\/2026\/02\/47-DSC_0676-kopia.jpg 1000w, https:\/\/hotelkullaberg.site\/wp-content\/uploads\/2026\/02\/47-DSC_0676-kopia-295x300.jpg 295w, https:\/\/hotelkullaberg.site\/wp-content\/uploads\/2026\/02\/47-DSC_0676-kopia-768x781.jpg 768w, https:\/\/hotelkullaberg.site\/wp-content\/uploads\/2026\/02\/47-DSC_0676-kopia-12x12.jpg 12w\" sizes=\"auto, (max-width: 1000px) 100vw, 1000px\" \/><\/figure>\n\n\n\n<figure class=\"wp-block-image size-large\"><img loading=\"lazy\" decoding=\"async\" width=\"820\" height=\"1024\" data-id=\"83\" src=\"https:\/\/hotelkullaberg.site\/wp-content\/uploads\/2026\/02\/image000001-820x1024.jpg\" alt=\"\" class=\"wp-image-83\" srcset=\"https:\/\/hotelkullaberg.site\/wp-content\/uploads\/2026\/02\/image000001-820x1024.jpg 820w, https:\/\/hotelkullaberg.site\/wp-content\/uploads\/2026\/02\/image000001-240x300.jpg 240w, https:\/\/hotelkullaberg.site\/wp-content\/uploads\/2026\/02\/image000001-768x959.jpg 768w, https:\/\/hotelkullaberg.site\/wp-content\/uploads\/2026\/02\/image000001-1230x1536.jpg 1230w, https:\/\/hotelkullaberg.site\/wp-content\/uploads\/2026\/02\/image000001-10x12.jpg 10w, https:\/\/hotelkullaberg.site\/wp-content\/uploads\/2026\/02\/image000001.jpg 1280w\" sizes=\"auto, (max-width: 820px) 100vw, 820px\" \/><\/figure>\n\n\n\n<figure class=\"wp-block-image size-large\"><img loading=\"lazy\" decoding=\"async\" width=\"768\" height=\"1024\" data-id=\"85\" src=\"https:\/\/hotelkullaberg.site\/wp-content\/uploads\/2026\/02\/IMG_6248-768x1024.jpg\" alt=\"\" class=\"wp-image-85\" srcset=\"\" sizes=\"auto, (max-width: 768px) 100vw, 768px\" data-srcset=\"\" \/><\/figure>\n<\/figure>\n<\/div>\n\n\n\n<div class=\"wp-block-group alignfull is-style-ext-preset--group--natural-1--section has-tertiary-background-color has-background has-global-padding is-layout-constrained wp-block-group-is-layout-constrained\" id=\"om\" style=\"margin-top:0;margin-bottom:0;padding-top:var(--wp--preset--spacing--70);padding-bottom:var(--wp--preset--spacing--70)\">\n<div class=\"wp-block-group alignwide is-vertical is-content-justification-center is-layout-flex wp-container-core-group-is-layout-c9ee0c5a wp-block-group-is-layout-flex\">\n<div class=\"wp-block-group has-global-padding is-layout-constrained wp-container-core-group-is-layout-2287c683 wp-block-group-is-layout-constrained\">\n<h2 class=\"wp-block-heading has-text-align-center\">Hotel Kullaberg \u2013 your seaside retreat<\/h2>\n\n\n\n<p class=\"has-text-align-center\">Discover the unique experiences we offer and book your visit today. Take the first step toward an unforgettable stay along the coast of Sk\u00e5ne.<\/p>\n<\/div>\n<\/div>\n\n\n\n<div class=\"wp-block-buttons is-content-justification-center is-layout-flex wp-container-core-buttons-is-layout-a89b3969 wp-block-buttons-is-layout-flex\">\n<div class=\"wp-block-button\"><a class=\"wp-block-button__link has-background-color has-secondary-background-color has-text-color has-background has-link-color has-source-serif-pro-font-family wp-element-button\" href=\"https:\/\/hotelkullaberg.site\/en\/paket-och-erbjudanden\/\" style=\"border-top-left-radius:0px;border-top-right-radius:0px;border-bottom-left-radius:0px;border-bottom-right-radius:0px\">Book your stay<\/a><\/div>\n<\/div>\n<\/div>","protected":false},"excerpt":{"rendered":"<p>Br\u00f6llop i Kullabygden Dr\u00f6mmer ni om ett personligt och st\u00e4mningsfullt\u00a0br\u00f6llop i Kullabygden? P\u00e5\u00a0Hotel Kullaberg\u00a0skapar vi br\u00f6llopsfiranden med v\u00e4rme, kvalitet och omsorg om varje detalj. Hos oss f\u00e5r ni en intim och exklusiv milj\u00f6 d\u00e4r b\u00e5de middag, fest och boende finns samlat p\u00e5 samma plats. Br\u00f6llopsmiddag &amp; fest I v\u00e5r vackra matsal har vi plats f\u00f6r [&hellip;]<\/p>\n","protected":false},"author":1,"featured_media":0,"parent":0,"menu_order":0,"comment_status":"closed","ping_status":"closed","template":"page-with-title","meta":{"_monsterinsights_skip_tracking":false,"_monsterinsights_sitenote_active":false,"_monsterinsights_sitenote_note":"","_monsterinsights_sitenote_category":0,"footnotes":""},"class_list":["post-20","page","type-page","status-publish","hentry"],"aioseo_notices":[],"_links":{"self":[{"href":"https:\/\/hotelkullaberg.site\/en\/wp-json\/wp\/v2\/pages\/20","targetHints":{"allow":["GET"]}}],"collection":[{"href":"https:\/\/hotelkullaberg.site\/en\/wp-json\/wp\/v2\/pages"}],"about":[{"href":"https:\/\/hotelkullaberg.site\/en\/wp-json\/wp\/v2\/types\/page"}],"author":[{"embeddable":true,"href":"https:\/\/hotelkullaberg.site\/en\/wp-json\/wp\/v2\/users\/1"}],"replies":[{"embeddable":true,"href":"https:\/\/hotelkullaberg.site\/en\/wp-json\/wp\/v2\/comments?post=20"}],"version-history":[{"count":2,"href":"https:\/\/hotelkullaberg.site\/en\/wp-json\/wp\/v2\/pages\/20\/revisions"}],"predecessor-version":[{"id":297,"href":"https:\/\/hotelkullaberg.site\/en\/wp-json\/wp\/v2\/pages\/20\/revisions\/297"}],"wp:attachment":[{"href":"https:\/\/hotelkullaberg.site\/en\/wp-json\/wp\/v2\/media?parent=20"}],"curies":[{"name":"wp","href":"https:\/\/api.w.org\/{rel}","templated":true}]}}