{"id":21,"date":"2026-02-13T11:55:16","date_gmt":"2026-02-13T11:55:16","guid":{"rendered":"https:\/\/test.hotelkullaberg.site.hotelkullaberg.site\/ticket-details\/"},"modified":"2026-03-01T19:27:20","modified_gmt":"2026-03-01T19:27:20","slug":"event-och-konferens","status":"publish","type":"page","link":"https:\/\/hotelkullaberg.site\/en\/event-och-konferens\/","title":{"rendered":"Event och konferens"},"content":{"rendered":"<div class=\"wp-block-group alignfull is-style-ext-preset--group--natural-1--section has-background-background-color has-background has-global-padding is-layout-constrained wp-container-core-group-is-layout-ebc3d855 wp-block-group-is-layout-constrained\" id=\"meny\" style=\"margin-top:0;margin-bottom:0;padding-top:0;padding-bottom:var(--wp--preset--spacing--70)\">\n<div class=\"wp-block-cover alignfull has-parallax is-repeated\"><div class=\"wp-block-cover__image-background wp-image-75 size-large has-parallax is-repeated\" style=\"background-position:50% 50%;background-image:url(https:\/\/hotelkullaberg.site\/wp-content\/uploads\/2026\/02\/Hotel-Kullaberg-Robert-Bohnke-6-683x1024.jpeg)\"><\/div><span aria-hidden=\"true\" class=\"wp-block-cover__background has-background-dim-20 has-background-dim\" style=\"background-color:#3d2825\"><\/span><div class=\"wp-block-cover__inner-container has-global-padding is-layout-constrained wp-block-cover-is-layout-constrained\">\n<p class=\"has-text-align-center has-source-serif-pro-font-family has-large-font-size\">EVENTS &amp; CONFERENCES<\/p>\n<\/div><\/div>\n\n\n\n<h2 class=\"wp-block-heading has-text-align-center\">Conference &amp; Events at Hotel Kullaberg in Kullabygden<\/h2>\n\n\n\n<p class=\"has-text-align-center\">Are you looking for a personal and inspiring venue for a conference in Kullabygden, corporate event, or private gathering? At Hotel Kullaberg, we offer tailored solutions for both small and large groups \u2013 always with a focus on quality, culinary experiences, and personalized service.<\/p>\n\n\n\n<div class=\"wp-block-media-text alignwide is-stacked-on-mobile has-background\" style=\"background-color:#e1f2f18a;grid-template-columns:32% auto\"><figure class=\"wp-block-media-text__media\"><img loading=\"lazy\" decoding=\"async\" width=\"683\" height=\"1024\" src=\"https:\/\/hotelkullaberg.site\/wp-content\/uploads\/2026\/02\/Hotel-Kullaberg-Robert-Bohnke-6-1-683x1024.jpeg\" alt=\"\" class=\"wp-image-285 size-full\" srcset=\"https:\/\/hotelkullaberg.site\/wp-content\/uploads\/2026\/02\/Hotel-Kullaberg-Robert-Bohnke-6-1-683x1024.jpeg 683w, https:\/\/hotelkullaberg.site\/wp-content\/uploads\/2026\/02\/Hotel-Kullaberg-Robert-Bohnke-6-1-200x300.jpeg 200w, https:\/\/hotelkullaberg.site\/wp-content\/uploads\/2026\/02\/Hotel-Kullaberg-Robert-Bohnke-6-1-768x1152.jpeg 768w, https:\/\/hotelkullaberg.site\/wp-content\/uploads\/2026\/02\/Hotel-Kullaberg-Robert-Bohnke-6-1-8x12.jpeg 8w, https:\/\/hotelkullaberg.site\/wp-content\/uploads\/2026\/02\/Hotel-Kullaberg-Robert-Bohnke-6-1.jpeg 1000w\" sizes=\"auto, (max-width: 683px) 100vw, 683px\" \/><\/figure><div class=\"wp-block-media-text__content\">\n<p class=\"has-source-serif-pro-font-family has-large-font-size\"><strong>Conference Room \u2013 The Library<\/strong><\/p>\n\n\n\n<p class=\"has-source-serif-pro-font-family\">Our conference room&nbsp;<strong>The library<\/strong>&nbsp;is a small and private meeting room, perfect for:<\/p>\n\n\n\n<ul class=\"wp-block-list\">\n<li class=\"has-source-serif-pro-font-family\">Board meetings<\/li>\n\n\n\n<li class=\"has-source-serif-pro-font-family\">Management team meetings<\/li>\n\n\n\n<li class=\"has-source-serif-pro-font-family\">Workshops<\/li>\n\n\n\n<li class=\"has-source-serif-pro-font-family\">Strategy days<\/li>\n\n\n\n<li class=\"has-source-serif-pro-font-family\">Small training sessions<\/li>\n<\/ul>\n\n\n\n<p class=\"has-source-serif-pro-font-family\">Up to 10 people can sit comfortably here in a calm and inspiring environment. For companies looking for a&nbsp;<strong>small conference venue in Kullabygden<\/strong>&nbsp;with a personal touch, The Library is a popular choice.<\/p>\n<\/div><\/div>\n\n\n\n<div class=\"wp-block-media-text alignwide has-media-on-the-right is-stacked-on-mobile has-background\" style=\"background-color:#e1f2f18a;grid-template-columns:auto 32%\"><div class=\"wp-block-media-text__content\">\n<p class=\"has-source-serif-pro-font-family has-large-font-size\"><strong>Conference for Larger Groups<\/strong><\/p>\n\n\n\n<p class=\"has-source-serif-pro-font-family\">For larger companies and groups, we offer conferences in our dining hall on our closed days. This provides a private and exclusive environment \u2013 perfect for:<\/p>\n\n\n\n<ul class=\"wp-block-list\">\n<li>Full-day conferences<\/li>\n\n\n\n<li>Kickoff<\/li>\n\n\n\n<li>Corporate events<\/li>\n\n\n\n<li>Planning days<\/li>\n<\/ul>\n\n\n\n<p class=\"has-source-serif-pro-font-family\">Are you looking for a&nbsp;<strong>conference venue in Kullabygden for larger groups<\/strong>&nbsp;we can tailor the setup entirely to your needs.<\/p>\n<\/div><figure class=\"wp-block-media-text__media\"><img loading=\"lazy\" decoding=\"async\" width=\"683\" height=\"1024\" src=\"https:\/\/hotelkullaberg.site\/wp-content\/uploads\/2026\/02\/Hotel-Kullaberg-Robert-Bohnke-2-kopia-1-683x1024.jpg\" alt=\"\" class=\"wp-image-70 size-full\" srcset=\"https:\/\/hotelkullaberg.site\/wp-content\/uploads\/2026\/02\/Hotel-Kullaberg-Robert-Bohnke-2-kopia-1-683x1024.jpg 683w, https:\/\/hotelkullaberg.site\/wp-content\/uploads\/2026\/02\/Hotel-Kullaberg-Robert-Bohnke-2-kopia-1-200x300.jpg 200w, https:\/\/hotelkullaberg.site\/wp-content\/uploads\/2026\/02\/Hotel-Kullaberg-Robert-Bohnke-2-kopia-1-768x1152.jpg 768w, https:\/\/hotelkullaberg.site\/wp-content\/uploads\/2026\/02\/Hotel-Kullaberg-Robert-Bohnke-2-kopia-1-8x12.jpg 8w, https:\/\/hotelkullaberg.site\/wp-content\/uploads\/2026\/02\/Hotel-Kullaberg-Robert-Bohnke-2-kopia-1.jpg 1000w\" sizes=\"auto, (max-width: 683px) 100vw, 683px\" \/><\/figure><\/div>\n\n\n\n<div class=\"wp-block-media-text alignwide is-stacked-on-mobile has-background\" style=\"background-color:#e1f2f18a;grid-template-columns:30% auto\"><figure class=\"wp-block-media-text__media\"><img loading=\"lazy\" decoding=\"async\" width=\"683\" height=\"1024\" src=\"https:\/\/hotelkullaberg.site\/wp-content\/uploads\/2026\/02\/Hotel-Kullaberg-Robert-Bohnke-5-683x1024.jpeg\" alt=\"\" class=\"wp-image-74 size-full\" srcset=\"https:\/\/hotelkullaberg.site\/wp-content\/uploads\/2026\/02\/Hotel-Kullaberg-Robert-Bohnke-5-683x1024.jpeg 683w, https:\/\/hotelkullaberg.site\/wp-content\/uploads\/2026\/02\/Hotel-Kullaberg-Robert-Bohnke-5-200x300.jpeg 200w, https:\/\/hotelkullaberg.site\/wp-content\/uploads\/2026\/02\/Hotel-Kullaberg-Robert-Bohnke-5-768x1152.jpeg 768w, https:\/\/hotelkullaberg.site\/wp-content\/uploads\/2026\/02\/Hotel-Kullaberg-Robert-Bohnke-5-8x12.jpeg 8w, https:\/\/hotelkullaberg.site\/wp-content\/uploads\/2026\/02\/Hotel-Kullaberg-Robert-Bohnke-5.jpeg 1000w\" sizes=\"auto, (max-width: 683px) 100vw, 683px\" \/><\/figure><div class=\"wp-block-media-text__content\">\n<p class=\"has-source-serif-pro-font-family has-large-font-size\"><strong>Events in Kullabygden \u2013 Corporate &amp; Private<\/strong><\/p>\n\n\n\n<p class=\"has-source-serif-pro-font-family\">Hotel Kullaberg is also a popular venue for various types of events. We organize, among others:<\/p>\n\n\n\n<ul class=\"wp-block-list\">\n<li class=\"has-source-serif-pro-font-family\">Corporate events and kickoffs<\/li>\n\n\n\n<li class=\"has-source-serif-pro-font-family\">Wine tastings and themed dinners<\/li>\n\n\n\n<li class=\"has-source-serif-pro-font-family\">Birthday celebrations<\/li>\n\n\n\n<li class=\"has-source-serif-pro-font-family\">Anniversary celebrations<\/li>\n\n\n\n<li class=\"has-source-serif-pro-font-family\">Private dining<\/li>\n<\/ul>\n\n\n\n<p class=\"has-source-serif-pro-font-family\">We tailor each event with a carefully planned menu, beverage packages, and personalized service. For those looking for an event venue in Kullabygden with a restaurant and on-site accommodation, we offer a complete solution.<\/p>\n<\/div><\/div>\n\n\n\n<h3 class=\"wp-block-heading has-text-align-center\">Would you like to book&nbsp;<strong>a conference in Kullabygden<\/strong>&nbsp;or plan an event at Hotel Kullaberg?<br>Contact us for a quote and availability \u2013 we will help you create a professional and memorable event.<\/h3>\n\n\n\n<div class=\"wp-block-buttons is-content-justification-center is-layout-flex wp-container-core-buttons-is-layout-a89b3969 wp-block-buttons-is-layout-flex\">\n<div class=\"wp-block-button\"><a class=\"wp-block-button__link has-background-color has-secondary-background-color has-text-color has-background has-link-color has-source-serif-pro-font-family wp-element-button\" href=\"\/en\/info@hotelkullaberg.se\/\" style=\"border-top-left-radius:0px;border-top-right-radius:0px;border-bottom-left-radius:0px;border-bottom-right-radius:0px\">Email us<\/a><\/div>\n<\/div>\n\n\n\n<figure class=\"wp-block-gallery alignwide has-nested-images columns-default is-cropped wp-block-gallery-2 is-layout-flex wp-block-gallery-is-layout-flex\">\n<figure class=\"wp-block-image size-large\"><img loading=\"lazy\" decoding=\"async\" width=\"1000\" height=\"725\" data-id=\"200\" src=\"https:\/\/hotelkullaberg.site\/wp-content\/uploads\/2026\/02\/45b-DSC_0678-kopia.jpg\" alt=\"\" class=\"wp-image-200\" srcset=\"https:\/\/hotelkullaberg.site\/wp-content\/uploads\/2026\/02\/45b-DSC_0678-kopia.jpg 1000w, https:\/\/hotelkullaberg.site\/wp-content\/uploads\/2026\/02\/45b-DSC_0678-kopia-300x218.jpg 300w, https:\/\/hotelkullaberg.site\/wp-content\/uploads\/2026\/02\/45b-DSC_0678-kopia-768x557.jpg 768w, https:\/\/hotelkullaberg.site\/wp-content\/uploads\/2026\/02\/45b-DSC_0678-kopia-18x12.jpg 18w\" sizes=\"auto, (max-width: 1000px) 100vw, 1000px\" \/><\/figure>\n\n\n\n<figure class=\"wp-block-image size-large\"><img loading=\"lazy\" decoding=\"async\" width=\"820\" height=\"1024\" data-id=\"84\" src=\"https:\/\/hotelkullaberg.site\/wp-content\/uploads\/2026\/02\/image000002-820x1024.jpg\" alt=\"\" class=\"wp-image-84\" srcset=\"\" sizes=\"auto, (max-width: 820px) 100vw, 820px\" data-srcset=\"\" \/><\/figure>\n\n\n\n<figure class=\"wp-block-image size-large\"><img loading=\"lazy\" decoding=\"async\" width=\"1024\" height=\"683\" data-id=\"79\" src=\"https:\/\/hotelkullaberg.site\/wp-content\/uploads\/2026\/02\/Hotel-Kullaberg-Robert-Bohnke-10-1024x683.jpeg\" alt=\"\" class=\"wp-image-79\" srcset=\"\" sizes=\"auto, (max-width: 1024px) 100vw, 1024px\" data-srcset=\"\" \/><\/figure>\n\n\n\n<figure class=\"wp-block-image size-large\"><img loading=\"lazy\" decoding=\"async\" width=\"1000\" height=\"1017\" data-id=\"201\" src=\"https:\/\/hotelkullaberg.site\/wp-content\/uploads\/2026\/02\/47-DSC_0676-kopia.jpg\" alt=\"\" class=\"wp-image-201\" srcset=\"https:\/\/hotelkullaberg.site\/wp-content\/uploads\/2026\/02\/47-DSC_0676-kopia.jpg 1000w, https:\/\/hotelkullaberg.site\/wp-content\/uploads\/2026\/02\/47-DSC_0676-kopia-295x300.jpg 295w, https:\/\/hotelkullaberg.site\/wp-content\/uploads\/2026\/02\/47-DSC_0676-kopia-768x781.jpg 768w, https:\/\/hotelkullaberg.site\/wp-content\/uploads\/2026\/02\/47-DSC_0676-kopia-12x12.jpg 12w\" sizes=\"auto, (max-width: 1000px) 100vw, 1000px\" \/><\/figure>\n\n\n\n<figure class=\"wp-block-image size-large\"><img loading=\"lazy\" decoding=\"async\" width=\"820\" height=\"1024\" data-id=\"83\" src=\"https:\/\/hotelkullaberg.site\/wp-content\/uploads\/2026\/02\/image000001-820x1024.jpg\" alt=\"\" class=\"wp-image-83\" srcset=\"https:\/\/hotelkullaberg.site\/wp-content\/uploads\/2026\/02\/image000001-820x1024.jpg 820w, https:\/\/hotelkullaberg.site\/wp-content\/uploads\/2026\/02\/image000001-240x300.jpg 240w, https:\/\/hotelkullaberg.site\/wp-content\/uploads\/2026\/02\/image000001-768x959.jpg 768w, https:\/\/hotelkullaberg.site\/wp-content\/uploads\/2026\/02\/image000001-1230x1536.jpg 1230w, https:\/\/hotelkullaberg.site\/wp-content\/uploads\/2026\/02\/image000001-10x12.jpg 10w, https:\/\/hotelkullaberg.site\/wp-content\/uploads\/2026\/02\/image000001.jpg 1280w\" sizes=\"auto, (max-width: 820px) 100vw, 820px\" \/><\/figure>\n\n\n\n<figure class=\"wp-block-image size-large\"><img loading=\"lazy\" decoding=\"async\" width=\"768\" height=\"1024\" data-id=\"85\" src=\"https:\/\/hotelkullaberg.site\/wp-content\/uploads\/2026\/02\/IMG_6248-768x1024.jpg\" alt=\"\" class=\"wp-image-85\" srcset=\"\" sizes=\"auto, (max-width: 768px) 100vw, 768px\" data-srcset=\"\" \/><\/figure>\n<\/figure>\n<\/div>\n\n\n\n<div class=\"wp-block-group alignfull is-style-ext-preset--group--natural-1--section has-tertiary-background-color has-background has-global-padding is-layout-constrained wp-block-group-is-layout-constrained\" id=\"om\" style=\"margin-top:0;margin-bottom:0;padding-top:var(--wp--preset--spacing--70);padding-bottom:var(--wp--preset--spacing--70)\">\n<div class=\"wp-block-group alignwide is-vertical is-content-justification-center is-layout-flex wp-container-core-group-is-layout-c9ee0c5a wp-block-group-is-layout-flex\">\n<div class=\"wp-block-group has-global-padding is-layout-constrained wp-container-core-group-is-layout-2287c683 wp-block-group-is-layout-constrained\">\n<h2 class=\"wp-block-heading has-text-align-center\">Hotel Kullaberg \u2013 your seaside retreat<\/h2>\n\n\n\n<p class=\"has-text-align-center\">Discover the unique experiences we offer and book your visit today. Take the first step toward an unforgettable stay along the coast of Sk\u00e5ne.<\/p>\n<\/div>\n<\/div>\n\n\n\n<div class=\"wp-block-buttons is-content-justification-center is-layout-flex wp-container-core-buttons-is-layout-a89b3969 wp-block-buttons-is-layout-flex\">\n<div class=\"wp-block-button\"><a class=\"wp-block-button__link has-background-color has-secondary-background-color has-text-color has-background has-link-color has-source-serif-pro-font-family wp-element-button\" href=\"https:\/\/hotelkullaberg.site\/en\/paket-och-erbjudanden\/\" style=\"border-top-left-radius:0px;border-top-right-radius:0px;border-bottom-left-radius:0px;border-bottom-right-radius:0px\">Book your stay<\/a><\/div>\n<\/div>\n<\/div>","protected":false},"excerpt":{"rendered":"<p>Konferens &amp; Event p\u00e5 Hotel Kullaberg i Kullabygden Letar ni efter en personlig och inspirerande plats f\u00f6r&nbsp;konferens i Kullabygden, f\u00f6retagsevent eller privat tillst\u00e4llning? P\u00e5&nbsp;Hotel Kullaberg&nbsp;erbjuder vi skr\u00e4ddarsydda l\u00f6sningar f\u00f6r b\u00e5de sm\u00e5 och st\u00f6rre grupper \u2013 alltid med fokus p\u00e5 kvalitet, matupplevelse och personlig service. Konferensrum &#8211; Biblioteket V\u00e5rt konferensrum&nbsp;Biblioteket&nbsp;\u00e4r ett mindre och avskilt m\u00f6tesrum som [&hellip;]<\/p>\n","protected":false},"author":1,"featured_media":0,"parent":0,"menu_order":0,"comment_status":"closed","ping_status":"closed","template":"page-with-title","meta":{"_monsterinsights_skip_tracking":false,"_monsterinsights_sitenote_active":false,"_monsterinsights_sitenote_note":"","_monsterinsights_sitenote_category":0,"footnotes":""},"class_list":["post-21","page","type-page","status-publish","hentry"],"aioseo_notices":[],"_links":{"self":[{"href":"https:\/\/hotelkullaberg.site\/en\/wp-json\/wp\/v2\/pages\/21","targetHints":{"allow":["GET"]}}],"collection":[{"href":"https:\/\/hotelkullaberg.site\/en\/wp-json\/wp\/v2\/pages"}],"about":[{"href":"https:\/\/hotelkullaberg.site\/en\/wp-json\/wp\/v2\/types\/page"}],"author":[{"embeddable":true,"href":"https:\/\/hotelkullaberg.site\/en\/wp-json\/wp\/v2\/users\/1"}],"replies":[{"embeddable":true,"href":"https:\/\/hotelkullaberg.site\/en\/wp-json\/wp\/v2\/comments?post=21"}],"version-history":[{"count":5,"href":"https:\/\/hotelkullaberg.site\/en\/wp-json\/wp\/v2\/pages\/21\/revisions"}],"predecessor-version":[{"id":296,"href":"https:\/\/hotelkullaberg.site\/en\/wp-json\/wp\/v2\/pages\/21\/revisions\/296"}],"wp:attachment":[{"href":"https:\/\/hotelkullaberg.site\/en\/wp-json\/wp\/v2\/media?parent=21"}],"curies":[{"name":"wp","href":"https:\/\/api.w.org\/{rel}","templated":true}]}}