{"id":280,"date":"2026-02-27T16:48:36","date_gmt":"2026-02-27T16:48:36","guid":{"rendered":"https:\/\/hotelkullaberg.site\/?page_id=280"},"modified":"2026-02-27T16:49:53","modified_gmt":"2026-02-27T16:49:53","slug":"presentkort","status":"publish","type":"page","link":"https:\/\/hotelkullaberg.site\/en\/presentkort\/","title":{"rendered":"Gift card"},"content":{"rendered":"<div class=\"wp-block-group alignfull is-style-ext-preset--group--natural-1--section has-background-background-color has-background has-global-padding is-layout-constrained wp-block-group-is-layout-constrained\" style=\"margin-top:0;margin-bottom:0;padding-top:0;padding-bottom:var(--wp--preset--spacing--70)\">\n<div class=\"wp-block-cover alignfull is-light\" style=\"min-height:509px;aspect-ratio:unset;\"><img loading=\"lazy\" decoding=\"async\" width=\"800\" height=\"564\" class=\"wp-block-cover__image-background wp-image-281 size-full\" alt=\"\" src=\"https:\/\/hotelkullaberg.site\/wp-content\/uploads\/2026\/02\/Copy-of-Vintermeny-HK-2.png\" style=\"object-position:39% 0%\" data-object-fit=\"cover\" data-object-position=\"39% 0%\" srcset=\"https:\/\/hotelkullaberg.site\/wp-content\/uploads\/2026\/02\/Copy-of-Vintermeny-HK-2.png 800w, https:\/\/hotelkullaberg.site\/wp-content\/uploads\/2026\/02\/Copy-of-Vintermeny-HK-2-300x212.png 300w, https:\/\/hotelkullaberg.site\/wp-content\/uploads\/2026\/02\/Copy-of-Vintermeny-HK-2-768x541.png 768w, https:\/\/hotelkullaberg.site\/wp-content\/uploads\/2026\/02\/Copy-of-Vintermeny-HK-2-18x12.png 18w\" sizes=\"auto, (max-width: 800px) 100vw, 800px\" \/><span aria-hidden=\"true\" class=\"wp-block-cover__background has-background-dim-10 has-background-dim\" style=\"background-color:#8b8c95\"><\/span><div class=\"wp-block-cover__inner-container has-global-padding is-layout-constrained wp-block-cover-is-layout-constrained\">\n<p class=\"has-text-align-center has-background-color has-text-color has-link-color has-source-serif-pro-font-family has-large-font-size wp-elements-d6532365348596b982c5033d4aea2944\">GIFT CARD<\/p>\n<\/div><\/div>\n\n\n\n<div class=\"wp-block-group alignwide is-vertical is-content-justification-center is-layout-flex wp-container-core-group-is-layout-c9ee0c5a wp-block-group-is-layout-flex\">\n<div class=\"wp-block-group has-global-padding is-layout-constrained wp-container-core-group-is-layout-dd32767c wp-block-group-is-layout-constrained\">\n<h2 class=\"wp-block-heading has-text-align-center\">Gift Cards at Hotel Kullaberg<\/h2>\n\n\n\n<p class=\"has-text-align-center\">Give the gift of an experience by the sea \u2013 a gift card for Hotel Kullaberg is the perfect present for someone you care about. Let the recipient enjoy relaxing stays, delicious food, and the unique atmosphere at the foot of Kullaberg.<\/p>\n\n\n\n<p class=\"has-text-align-center\">Our gift cards can be used for hotel stays, dining experiences in our restaurant, or other offers at the hotel. They make a highly appreciated gift for birthdays, weddings, anniversaries, or as a thoughtful surprise.<\/p>\n\n\n\n<h3 class=\"wp-block-heading has-text-align-center\">Validity<\/h3>\n\n\n\n<p class=\"has-text-align-center\">The gift card is valid for\u00a0<strong>2 years from the date of purchase.<\/strong>.<\/p>\n\n\n\n<p class=\"has-text-align-center\">You choose the amount, and the gift card can be used on one or multiple occasions during its validity period.<\/p>\n\n\n\n<p class=\"has-text-align-center\">If you have any questions, you are warmly welcome to contact us \u2013 we\u2019ll be happy to help you create a memorable gift.<\/p>\n<\/div>\n\n\n\n<div class=\"wp-block-buttons is-layout-flex wp-block-buttons-is-layout-flex\">\n<div class=\"wp-block-button is-style-ext-preset--button--natural-1--button-1 is-style-ext-preset--button--natural-1--button-1--2\"><a class=\"wp-block-button__link has-secondary-background-color has-background has-source-serif-pro-font-family wp-element-button\" href=\"https:\/\/hotelkullaberg.mews-giftvoucher.com\" style=\"border-top-left-radius:0px;border-top-right-radius:0px;border-bottom-left-radius:0px;border-bottom-right-radius:0px\">https:\/\/hotelkullaberg.mews-giftvoucher.com<\/a><\/div>\n<\/div>\n<\/div>\n<\/div>\n\n\n\n<div class=\"wp-block-group alignfull is-style-ext-preset--group--natural-1--section has-tertiary-background-color has-background has-global-padding is-layout-constrained wp-container-core-group-is-layout-f72f1611 wp-block-group-is-layout-constrained\" style=\"margin-top:0;margin-bottom:0;padding-top:var(--wp--preset--spacing--70);padding-bottom:var(--wp--preset--spacing--70)\">\n<div class=\"wp-block-group alignwide is-vertical is-layout-flex wp-container-core-group-is-layout-c35747d5 wp-block-group-is-layout-flex\">\n<div class=\"wp-block-group has-global-padding is-layout-constrained wp-container-core-group-is-layout-5e05634a wp-block-group-is-layout-constrained\">\n<h2 class=\"wp-block-heading\">Gallery<\/h2>\n<\/div>\n<\/div>\n\n\n\n<div class=\"wp-block-columns alignwide are-vertically-aligned-top is-layout-flex wp-container-core-columns-is-layout-87beb0d0 wp-block-columns-is-layout-flex\">\n<div class=\"wp-block-column is-vertically-aligned-top is-layout-flow wp-container-core-column-is-layout-f5bb311e wp-block-column-is-layout-flow\">\n<figure class=\"wp-block-image size-full is-style-ext-preset--image--natural-1--image-1--content-top is-style-ext-preset--image--natural-1--image-1--content-top--4\"><img loading=\"lazy\" decoding=\"async\" width=\"1000\" height=\"1500\" src=\"https:\/\/hotelkullaberg.site\/wp-content\/uploads\/2026\/02\/kullaberg.jpg\" alt=\"\" class=\"wp-image-87\" style=\"aspect-ratio:1;object-fit:cover\" srcset=\"https:\/\/hotelkullaberg.site\/wp-content\/uploads\/2026\/02\/kullaberg.jpg 1000w, https:\/\/hotelkullaberg.site\/wp-content\/uploads\/2026\/02\/kullaberg-200x300.jpg 200w, https:\/\/hotelkullaberg.site\/wp-content\/uploads\/2026\/02\/kullaberg-683x1024.jpg 683w, https:\/\/hotelkullaberg.site\/wp-content\/uploads\/2026\/02\/kullaberg-768x1152.jpg 768w, https:\/\/hotelkullaberg.site\/wp-content\/uploads\/2026\/02\/kullaberg-8x12.jpg 8w\" sizes=\"auto, (max-width: 1000px) 100vw, 1000px\" \/><\/figure>\n<\/div>\n\n\n\n<div class=\"wp-block-column is-vertically-aligned-top is-layout-flow wp-container-core-column-is-layout-f5bb311e wp-block-column-is-layout-flow\">\n<figure class=\"wp-block-image size-large is-style-ext-preset--image--natural-1--image-1--content-top is-style-ext-preset--image--natural-1--image-1--content-top--5\"><img loading=\"lazy\" decoding=\"async\" width=\"820\" height=\"1024\" src=\"https:\/\/hotelkullaberg.site\/wp-content\/uploads\/2026\/02\/image000002-820x1024.jpg\" alt=\"\" class=\"wp-image-84\" style=\"aspect-ratio:1;object-fit:cover\" srcset=\"\" sizes=\"auto, (max-width: 820px) 100vw, 820px\" data-srcset=\"\" \/><\/figure>\n<\/div>\n\n\n\n<div class=\"wp-block-column is-vertically-aligned-top is-layout-flow wp-container-core-column-is-layout-f5bb311e wp-block-column-is-layout-flow\">\n<figure class=\"wp-block-image size-full is-style-ext-preset--image--natural-1--image-1--content-top is-style-ext-preset--image--natural-1--image-1--content-top--6\"><img loading=\"lazy\" decoding=\"async\" width=\"1100\" height=\"733\" src=\"https:\/\/hotelkullaberg.site\/wp-content\/uploads\/2026\/02\/jesse-de-backer-db-WBLQjCw8-unsplash.jpg\" alt=\"\" class=\"wp-image-86\" style=\"aspect-ratio:1;object-fit:cover\" srcset=\"https:\/\/hotelkullaberg.site\/wp-content\/uploads\/2026\/02\/jesse-de-backer-db-WBLQjCw8-unsplash.jpg 1100w, https:\/\/hotelkullaberg.site\/wp-content\/uploads\/2026\/02\/jesse-de-backer-db-WBLQjCw8-unsplash-300x200.jpg 300w, https:\/\/hotelkullaberg.site\/wp-content\/uploads\/2026\/02\/jesse-de-backer-db-WBLQjCw8-unsplash-1024x682.jpg 1024w, https:\/\/hotelkullaberg.site\/wp-content\/uploads\/2026\/02\/jesse-de-backer-db-WBLQjCw8-unsplash-768x512.jpg 768w, https:\/\/hotelkullaberg.site\/wp-content\/uploads\/2026\/02\/jesse-de-backer-db-WBLQjCw8-unsplash-18x12.jpg 18w\" sizes=\"auto, (max-width: 1100px) 100vw, 1100px\" \/><\/figure>\n<\/div>\n<\/div>\n<\/div>\n\n\n\n<div class=\"wp-block-group alignfull is-style-ext-preset--group--natural-1--section has-background-background-color has-background has-global-padding is-layout-constrained wp-block-group-is-layout-constrained\" style=\"margin-top:0;margin-bottom:0;padding-top:0;padding-bottom:0\">\n<div class=\"wp-block-cover alignfull has-parallax is-style-ext-preset--cover--natural-1--cover-overlay-1 is-style-ext-preset--cover--natural-1--cover-overlay-1--8\" style=\"padding-top:var(--wp--preset--spacing--70);padding-right:var(--wp--preset--spacing--30);padding-bottom:var(--wp--preset--spacing--70);padding-left:var(--wp--preset--spacing--30)\"><div class=\"wp-block-cover__image-background wp-image-69 size-large has-parallax\" style=\"background-position:50% 50%;background-image:url(https:\/\/hotelkullaberg.site\/wp-content\/uploads\/2026\/02\/Hero-ny-1024x683.webp)\"><\/div><span aria-hidden=\"true\" class=\"wp-block-cover__background has-background-dim-80 has-background-dim\" style=\"background-color:#010101\"><\/span><div class=\"wp-block-cover__inner-container has-global-padding is-layout-constrained wp-container-core-cover-is-layout-5cffc2c1 wp-block-cover-is-layout-constrained\">\n<div class=\"wp-block-group alignwide is-vertical is-layout-flex wp-container-core-group-is-layout-c35747d5 wp-block-group-is-layout-flex\">\n<div class=\"wp-block-group has-global-padding is-layout-constrained wp-container-core-group-is-layout-2287c683 wp-block-group-is-layout-constrained\">\n<h2 class=\"wp-block-heading has-text-align-left\">Discover our other packages<\/h2>\n\n\n\n<p class=\"has-text-align-left\">Here you\u2019ll find our carefully curated packages and offers designed to enhance your stay \u2013 from hiking and golf to wine tastings. Explore our special deals and book your dream seaside getaway.<\/p>\n<\/div>\n\n\n\n<div class=\"wp-block-buttons is-layout-flex wp-block-buttons-is-layout-flex\">\n<div class=\"wp-block-button is-style-ext-preset--button--natural-1--button-1 is-style-ext-preset--button--natural-1--button-1--9\"><a class=\"wp-block-button__link has-source-serif-pro-font-family wp-element-button\" href=\"https:\/\/hotelkullaberg.site\/en\/paket-och-erbjudanden\/\" style=\"border-top-left-radius:0px;border-top-right-radius:0px;border-bottom-left-radius:0px;border-bottom-right-radius:0px\">View our packages<\/a><\/div>\n<\/div>\n<\/div>\n<\/div><\/div>\n<\/div>","protected":false},"excerpt":{"rendered":"<p>Presentkort p\u00e5 Hotel Kullaberg Ge bort en upplevelse vid havet \u2013 ett presentkort p\u00e5 Hotel Kullaberg \u00e4r den perfekta g\u00e5van till n\u00e5gon du tycker om. L\u00e5t mottagaren njuta av avkopplande \u00f6vernattningar, god mat och den unika atmosf\u00e4ren vid foten av Kullaberg. V\u00e5ra presentkort kan anv\u00e4ndas till hotell\u00f6vernattningar, matupplevelser i v\u00e5r restaurang eller andra erbjudanden p\u00e5 [&hellip;]<\/p>\n","protected":false},"author":1,"featured_media":0,"parent":0,"menu_order":0,"comment_status":"closed","ping_status":"closed","template":"page-with-title","meta":{"_monsterinsights_skip_tracking":false,"_monsterinsights_sitenote_active":false,"_monsterinsights_sitenote_note":"","_monsterinsights_sitenote_category":0,"footnotes":""},"class_list":["post-280","page","type-page","status-publish","hentry"],"aioseo_notices":[],"_links":{"self":[{"href":"https:\/\/hotelkullaberg.site\/en\/wp-json\/wp\/v2\/pages\/280","targetHints":{"allow":["GET"]}}],"collection":[{"href":"https:\/\/hotelkullaberg.site\/en\/wp-json\/wp\/v2\/pages"}],"about":[{"href":"https:\/\/hotelkullaberg.site\/en\/wp-json\/wp\/v2\/types\/page"}],"author":[{"embeddable":true,"href":"https:\/\/hotelkullaberg.site\/en\/wp-json\/wp\/v2\/users\/1"}],"replies":[{"embeddable":true,"href":"https:\/\/hotelkullaberg.site\/en\/wp-json\/wp\/v2\/comments?post=280"}],"version-history":[{"count":2,"href":"https:\/\/hotelkullaberg.site\/en\/wp-json\/wp\/v2\/pages\/280\/revisions"}],"predecessor-version":[{"id":283,"href":"https:\/\/hotelkullaberg.site\/en\/wp-json\/wp\/v2\/pages\/280\/revisions\/283"}],"wp:attachment":[{"href":"https:\/\/hotelkullaberg.site\/en\/wp-json\/wp\/v2\/media?parent=280"}],"curies":[{"name":"wp","href":"https:\/\/api.w.org\/{rel}","templated":true}]}}